{"id":139,"date":"2024-03-19T22:17:34","date_gmt":"2024-03-20T02:17:34","guid":{"rendered":"https:\/\/tabacosgatonegro.com\/?page_id=139"},"modified":"2024-03-19T22:33:31","modified_gmt":"2024-03-20T02:33:31","slug":"elementor-139","status":"publish","type":"page","link":"https:\/\/tabacosgatonegro.com\/index.php\/elementor-139\/","title":{"rendered":"T\u00e9rminos y Condiciones"},"content":{"rendered":"\t\t<div data-elementor-type=\"wp-page\" data-elementor-id=\"139\" class=\"elementor elementor-139\">\n\t\t\t\t<div class=\"elementor-element elementor-element-c875f6b e-flex e-con-boxed e-con e-parent\" data-id=\"c875f6b\" data-element_type=\"container\" data-settings=\"{&quot;background_background&quot;:&quot;classic&quot;}\">\n\t\t\t\t\t<div class=\"e-con-inner\">\n\t\t\t\t<div class=\"elementor-element elementor-element-20eb4cb elementor-widget elementor-widget-menu-anchor\" data-id=\"20eb4cb\" data-element_type=\"widget\" data-widget_type=\"menu-anchor.default\">\n\t\t\t\t<div class=\"elementor-widget-container\">\n\t\t\t<style>\/*! elementor - v3.21.0 - 26-05-2024 *\/\nbody.elementor-page .elementor-widget-menu-anchor{margin-bottom:0}<\/style>\t\t<div class=\"elementor-menu-anchor\" id=\"terminos\"><\/div>\n\t\t\t\t<\/div>\n\t\t\t\t<\/div>\n\t\t\t\t<div class=\"elementor-element elementor-element-be69f04 elementor-widget elementor-widget-spacer\" data-id=\"be69f04\" data-element_type=\"widget\" data-widget_type=\"spacer.default\">\n\t\t\t\t<div class=\"elementor-widget-container\">\n\t\t\t<style>\/*! elementor - v3.21.0 - 26-05-2024 *\/\n.elementor-column .elementor-spacer-inner{height:var(--spacer-size)}.e-con{--container-widget-width:100%}.e-con-inner>.elementor-widget-spacer,.e-con>.elementor-widget-spacer{width:var(--container-widget-width,var(--spacer-size));--align-self:var(--container-widget-align-self,initial);--flex-shrink:0}.e-con-inner>.elementor-widget-spacer>.elementor-widget-container,.e-con>.elementor-widget-spacer>.elementor-widget-container{height:100%;width:100%}.e-con-inner>.elementor-widget-spacer>.elementor-widget-container>.elementor-spacer,.e-con>.elementor-widget-spacer>.elementor-widget-container>.elementor-spacer{height:100%}.e-con-inner>.elementor-widget-spacer>.elementor-widget-container>.elementor-spacer>.elementor-spacer-inner,.e-con>.elementor-widget-spacer>.elementor-widget-container>.elementor-spacer>.elementor-spacer-inner{height:var(--container-widget-height,var(--spacer-size))}.e-con-inner>.elementor-widget-spacer.elementor-widget-empty,.e-con>.elementor-widget-spacer.elementor-widget-empty{position:relative;min-height:22px;min-width:22px}.e-con-inner>.elementor-widget-spacer.elementor-widget-empty .elementor-widget-empty-icon,.e-con>.elementor-widget-spacer.elementor-widget-empty .elementor-widget-empty-icon{position:absolute;top:0;bottom:0;left:0;right:0;margin:auto;padding:0;width:22px;height:22px}<\/style>\t\t<div class=\"elementor-spacer\">\n\t\t\t<div class=\"elementor-spacer-inner\"><\/div>\n\t\t<\/div>\n\t\t\t\t<\/div>\n\t\t\t\t<\/div>\n\t\t\t\t<div class=\"elementor-element elementor-element-8f19b31 elementor-widget elementor-widget-heading\" data-id=\"8f19b31\" data-element_type=\"widget\" data-widget_type=\"heading.default\">\n\t\t\t\t<div class=\"elementor-widget-container\">\n\t\t\t<style>\/*! elementor - v3.21.0 - 26-05-2024 *\/\n.elementor-heading-title{padding:0;margin:0;line-height:1}.elementor-widget-heading .elementor-heading-title[class*=elementor-size-]>a{color:inherit;font-size:inherit;line-height:inherit}.elementor-widget-heading .elementor-heading-title.elementor-size-small{font-size:15px}.elementor-widget-heading .elementor-heading-title.elementor-size-medium{font-size:19px}.elementor-widget-heading .elementor-heading-title.elementor-size-large{font-size:29px}.elementor-widget-heading .elementor-heading-title.elementor-size-xl{font-size:39px}.elementor-widget-heading .elementor-heading-title.elementor-size-xxl{font-size:59px}<\/style><h1 class=\"elementor-heading-title elementor-size-default\">T\u00e9rminos y condiciones<\/h1>\t\t<\/div>\n\t\t\t\t<\/div>\n\t\t\t\t<div class=\"elementor-element elementor-element-02cfa64 elementor-widget elementor-widget-spacer\" data-id=\"02cfa64\" data-element_type=\"widget\" data-widget_type=\"spacer.default\">\n\t\t\t\t<div class=\"elementor-widget-container\">\n\t\t\t\t\t<div class=\"elementor-spacer\">\n\t\t\t<div class=\"elementor-spacer-inner\"><\/div>\n\t\t<\/div>\n\t\t\t\t<\/div>\n\t\t\t\t<\/div>\n\t\t\t\t\t<\/div>\n\t\t\t\t<\/div>\n\t\t<div class=\"elementor-element elementor-element-fdb08c2 e-flex e-con-boxed e-con e-parent\" data-id=\"fdb08c2\" data-element_type=\"container\">\n\t\t\t\t\t<div class=\"e-con-inner\">\n\t\t\t\t<div class=\"elementor-element elementor-element-8f94d23 elementor-widget elementor-widget-spacer\" data-id=\"8f94d23\" data-element_type=\"widget\" data-widget_type=\"spacer.default\">\n\t\t\t\t<div class=\"elementor-widget-container\">\n\t\t\t\t\t<div class=\"elementor-spacer\">\n\t\t\t<div class=\"elementor-spacer-inner\"><\/div>\n\t\t<\/div>\n\t\t\t\t<\/div>\n\t\t\t\t<\/div>\n\t\t\t\t<div class=\"elementor-element elementor-element-1f74ed4 elementor-widget elementor-widget-text-editor\" data-id=\"1f74ed4\" data-element_type=\"widget\" data-widget_type=\"text-editor.default\">\n\t\t\t\t<div class=\"elementor-widget-container\">\n\t\t\t<style>\/*! elementor - v3.21.0 - 26-05-2024 *\/\n.elementor-widget-text-editor.elementor-drop-cap-view-stacked .elementor-drop-cap{background-color:#69727d;color:#fff}.elementor-widget-text-editor.elementor-drop-cap-view-framed .elementor-drop-cap{color:#69727d;border:3px solid;background-color:transparent}.elementor-widget-text-editor:not(.elementor-drop-cap-view-default) .elementor-drop-cap{margin-top:8px}.elementor-widget-text-editor:not(.elementor-drop-cap-view-default) .elementor-drop-cap-letter{width:1em;height:1em}.elementor-widget-text-editor .elementor-drop-cap{float:left;text-align:center;line-height:1;font-size:50px}.elementor-widget-text-editor .elementor-drop-cap-letter{display:inline-block}<\/style>\t\t\t\t<p>Bienvenido al sitio web de F\u00e1brica de Tabacos Gato Negro. Al acceder y utilizar este sitio web, aceptas cumplir con los siguientes t\u00e9rminos y condiciones de uso. Si no est\u00e1s de acuerdo con estos t\u00e9rminos, por favor abstente de utilizar este sitio web.<br \/>Uso del Sitio Web<\/p><p>El contenido de este sitio web es solo para fines informativos y no constituye asesoramiento profesional o comercial. No nos hacemos responsables por la exactitud, integridad o actualidad del contenido proporcionado en este sitio.<br \/>Queda prohibido el uso indebido o no autorizado de este sitio web, incluyendo, entre otros, el acceso no autorizado a sistemas o redes inform\u00e1ticas, la distribuci\u00f3n de malware, y cualquier actividad que pueda interferir con el funcionamiento normal del sitio.<br \/>Propiedad Intelectual<\/p><p>Todos los derechos de propiedad intelectual del contenido de este sitio web, incluyendo pero no limitado a textos, im\u00e1genes, gr\u00e1ficos, logotipos, videos y software, son propiedad de F\u00e1brica de Tabacos Gato Negro o de sus licenciantes, y est\u00e1n protegidos por las leyes de propiedad intelectual correspondientes.<br \/>Se proh\u00edbe la reproducci\u00f3n, distribuci\u00f3n, modificaci\u00f3n o cualquier otro uso no autorizado del contenido de este sitio web sin el consentimiento previo por escrito de F\u00e1brica de Tabacos Gato Negro.<br \/>Privacidad y Protecci\u00f3n de Datos<\/p><p>Nos comprometemos a proteger la privacidad y seguridad de tus datos personales. Para obtener m\u00e1s informaci\u00f3n sobre c\u00f3mo recopilamos, utilizamos y protegemos tus datos personales, consulta nuestra Pol\u00edtica de Privacidad.<br \/>Enlaces a Terceros<\/p><p>Este sitio web puede contener enlaces a sitios web de terceros para tu conveniencia. Sin embargo, no tenemos control sobre el contenido o las pol\u00edticas de privacidad de estos sitios web, por lo que no nos hacemos responsables de los mismos.<br \/>Modificaciones<\/p><p>Nos reservamos el derecho de modificar, actualizar o eliminar estos t\u00e9rminos y condiciones en cualquier momento y sin previo aviso. Se recomienda revisar peri\u00f3dicamente esta p\u00e1gina para estar al tanto de cualquier cambio.<br \/>Jurisdicci\u00f3n y Ley Aplicable<\/p><p>Estos t\u00e9rminos y condiciones se rigen por las leyes de Venezuela, y cualquier disputa relacionada con estos t\u00e9rminos y condiciones estar\u00e1 sujeta a la jurisdicci\u00f3n exclusiva de los tribunales de San Antonio del T\u00e1chira, Estado T\u00e1chira, Venezuela.<\/p>\t\t\t\t\t\t<\/div>\n\t\t\t\t<\/div>\n\t\t\t\t<div class=\"elementor-element elementor-element-1c59993 elementor-widget elementor-widget-spacer\" data-id=\"1c59993\" data-element_type=\"widget\" data-widget_type=\"spacer.default\">\n\t\t\t\t<div class=\"elementor-widget-container\">\n\t\t\t\t\t<div class=\"elementor-spacer\">\n\t\t\t<div class=\"elementor-spacer-inner\"><\/div>\n\t\t<\/div>\n\t\t\t\t<\/div>\n\t\t\t\t<\/div>\n\t\t\t\t<div class=\"elementor-element elementor-element-3c588ad elementor-widget elementor-widget-menu-anchor\" data-id=\"3c588ad\" data-element_type=\"widget\" data-widget_type=\"menu-anchor.default\">\n\t\t\t\t<div class=\"elementor-widget-container\">\n\t\t\t\t\t<div class=\"elementor-menu-anchor\" id=\"responsabilidad\"><\/div>\n\t\t\t\t<\/div>\n\t\t\t\t<\/div>\n\t\t\t\t\t<\/div>\n\t\t\t\t<\/div>\n\t\t<div class=\"elementor-element elementor-element-85b876b e-flex e-con-boxed e-con e-parent\" data-id=\"85b876b\" data-element_type=\"container\" data-settings=\"{&quot;background_background&quot;:&quot;classic&quot;}\">\n\t\t\t\t\t<div class=\"e-con-inner\">\n\t\t\t\t<div class=\"elementor-element elementor-element-a4e51b8 elementor-widget elementor-widget-spacer\" data-id=\"a4e51b8\" data-element_type=\"widget\" data-widget_type=\"spacer.default\">\n\t\t\t\t<div class=\"elementor-widget-container\">\n\t\t\t\t\t<div class=\"elementor-spacer\">\n\t\t\t<div class=\"elementor-spacer-inner\"><\/div>\n\t\t<\/div>\n\t\t\t\t<\/div>\n\t\t\t\t<\/div>\n\t\t\t\t<div class=\"elementor-element elementor-element-de647df elementor-widget elementor-widget-heading\" data-id=\"de647df\" data-element_type=\"widget\" data-widget_type=\"heading.default\">\n\t\t\t\t<div class=\"elementor-widget-container\">\n\t\t\t<h1 class=\"elementor-heading-title elementor-size-default\">Responsabilidad Social<\/h1>\t\t<\/div>\n\t\t\t\t<\/div>\n\t\t\t\t<div class=\"elementor-element elementor-element-0d0d42e elementor-widget elementor-widget-spacer\" data-id=\"0d0d42e\" data-element_type=\"widget\" data-widget_type=\"spacer.default\">\n\t\t\t\t<div class=\"elementor-widget-container\">\n\t\t\t\t\t<div class=\"elementor-spacer\">\n\t\t\t<div class=\"elementor-spacer-inner\"><\/div>\n\t\t<\/div>\n\t\t\t\t<\/div>\n\t\t\t\t<\/div>\n\t\t\t\t\t<\/div>\n\t\t\t\t<\/div>\n\t\t<div class=\"elementor-element elementor-element-7f1d942 e-flex e-con-boxed e-con e-parent\" data-id=\"7f1d942\" data-element_type=\"container\">\n\t\t\t\t\t<div class=\"e-con-inner\">\n\t\t\t\t<div class=\"elementor-element elementor-element-67d399b elementor-widget elementor-widget-spacer\" data-id=\"67d399b\" data-element_type=\"widget\" data-widget_type=\"spacer.default\">\n\t\t\t\t<div class=\"elementor-widget-container\">\n\t\t\t\t\t<div class=\"elementor-spacer\">\n\t\t\t<div class=\"elementor-spacer-inner\"><\/div>\n\t\t<\/div>\n\t\t\t\t<\/div>\n\t\t\t\t<\/div>\n\t\t\t\t<div class=\"elementor-element elementor-element-2911f66 elementor-widget elementor-widget-text-editor\" data-id=\"2911f66\" data-element_type=\"widget\" data-widget_type=\"text-editor.default\">\n\t\t\t\t<div class=\"elementor-widget-container\">\n\t\t\t\t\t\t\t<p>En F\u00e1brica de Tabacos Gato Negro, estamos comprometidos con hacer una diferencia positiva en las comunidades donde operamos y en el mundo en general. Creemos en la importancia de contribuir al bienestar de la sociedad y en ser un agente de cambio positivo en nuestro entorno.<\/p><p>Nuestro compromiso se refleja en acciones concretas, desde pr\u00e1cticas empresariales \u00e9ticas y sostenibles hasta iniciativas de responsabilidad social que apoyan causas significativas. Estamos dedicados a fomentar el desarrollo comunitario, la inclusi\u00f3n social y la preservaci\u00f3n del medio ambiente, trabajando en colaboraci\u00f3n con organizaciones locales y globales para crear un impacto duradero y significativo.<\/p>\t\t\t\t\t\t<\/div>\n\t\t\t\t<\/div>\n\t\t\t\t<div class=\"elementor-element elementor-element-ff96d56 elementor-widget elementor-widget-spacer\" data-id=\"ff96d56\" data-element_type=\"widget\" data-widget_type=\"spacer.default\">\n\t\t\t\t<div class=\"elementor-widget-container\">\n\t\t\t\t\t<div class=\"elementor-spacer\">\n\t\t\t<div class=\"elementor-spacer-inner\"><\/div>\n\t\t<\/div>\n\t\t\t\t<\/div>\n\t\t\t\t<\/div>\n\t\t\t\t\t<\/div>\n\t\t\t\t<\/div>\n\t\t\t\t<\/div>\n\t\t","protected":false},"excerpt":{"rendered":"<p>T\u00e9rminos y condiciones Bienvenido al sitio web de F\u00e1brica de Tabacos Gato Negro. Al acceder y utilizar este sitio web, aceptas cumplir con los siguientes t\u00e9rminos y condiciones de uso. Si no est\u00e1s de acuerdo con estos t\u00e9rminos, por favor abstente de utilizar este sitio web.Uso del Sitio Web El contenido de este sitio web [&hellip;]<\/p>\n","protected":false},"author":1,"featured_media":0,"parent":0,"menu_order":0,"comment_status":"closed","ping_status":"closed","template":"","meta":{"_monsterinsights_skip_tracking":false,"_monsterinsights_sitenote_active":false,"_monsterinsights_sitenote_note":"","_monsterinsights_sitenote_category":0,"footnotes":""},"aioseo_notices":[],"_links":{"self":[{"href":"https:\/\/tabacosgatonegro.com\/index.php\/wp-json\/wp\/v2\/pages\/139"}],"collection":[{"href":"https:\/\/tabacosgatonegro.com\/index.php\/wp-json\/wp\/v2\/pages"}],"about":[{"href":"https:\/\/tabacosgatonegro.com\/index.php\/wp-json\/wp\/v2\/types\/page"}],"author":[{"embeddable":true,"href":"https:\/\/tabacosgatonegro.com\/index.php\/wp-json\/wp\/v2\/users\/1"}],"replies":[{"embeddable":true,"href":"https:\/\/tabacosgatonegro.com\/index.php\/wp-json\/wp\/v2\/comments?post=139"}],"version-history":[{"count":13,"href":"https:\/\/tabacosgatonegro.com\/index.php\/wp-json\/wp\/v2\/pages\/139\/revisions"}],"predecessor-version":[{"id":156,"href":"https:\/\/tabacosgatonegro.com\/index.php\/wp-json\/wp\/v2\/pages\/139\/revisions\/156"}],"wp:attachment":[{"href":"https:\/\/tabacosgatonegro.com\/index.php\/wp-json\/wp\/v2\/media?parent=139"}],"curies":[{"name":"wp","href":"https:\/\/api.w.org\/{rel}","templated":true}]}}